{"id":1735,"date":"2021-06-21T17:33:17","date_gmt":"2021-06-21T20:33:17","guid":{"rendered":"https:\/\/a3aengenharia.com\/?page_id=1735"},"modified":"2025-09-28T19:49:49","modified_gmt":"2025-09-28T22:49:49","slug":"contato","status":"publish","type":"page","link":"https:\/\/a3aengenharia.com\/en-us\/contato\/","title":{"rendered":"Contato"},"content":{"rendered":"<h2>entre em contato<\/h2>\n<p>Preencha o Formul\u00e1rio para entrar em contato com nosso Departamento de Engenharia.<\/p>\n<h2>fale conosco<\/h2>\n<h3>\n\t\t\t\t\t\t\tE-mail<br \/>\n\t\t\t\t\t<\/h3>\n<p>\n\t\t\t\t\t\tcontato@a3aengenharia.com.br<br \/>\n<br \/>\ncomercial@a3aengenharia.com.br\n\t\t\t\t\t<\/p>\n<h3>\n\t\t\t\t\t\t\tTelefone \/ WhatsApp<br \/>\n\t\t\t\t\t<\/h3>\n<p>\n\t\t\t\t\t\t<a href=\"https:\/\/wa.me\/554230254230\" target=\"blank\">(42) 3025-4230<\/a>\t\t\t\t\t<\/p>\n<h2>privacidade<\/h2>\n<p>Todos os seus dados e informa\u00e7\u00f5es s\u00e3o tratados em conformidade com a Lei Geral de Prote\u00e7\u00e3o de Dados Pessoais (LGPD) \u2013 <a href=\"https:\/\/www.planalto.gov.br\/ccivil_03\/_ato2015-2018\/2018\/lei\/l13709.htm\" target=\"_blank\" rel=\"noopener\">Lei n\u00ba 13.709\/2018<\/a>.<\/p>\n<p>\t\t\t\t\t\t\t\t<a href=\"https:\/\/a3aengenharia.com\/politica-de-privacidade\/\"><br \/>\n\t\t\t\t\t\t\t\t\tPOL\u00cdTICA DE PRIVACIDADE<br \/>\n\t\t\t\t\t<\/a><\/p>\n<h2>LOCALIZA\u00c7\u00c3O<\/h2>\n<p>Com sede em Ponta Grossa, Paran\u00e1, a <b>A3A Engenharia de Sistemas<\/b> oferece servi\u00e7os de excel\u00eancia\u00a0em todo territ\u00f3rio nacional.<\/p>\n<p>\t\t\t<iframe loading=\"lazy\"\n\t\t\t\t\tsrc=\"https:\/\/www.google.com\/maps\/embed\/v1\/place?key=AIzaSyAQDDO3HJWprCLlVxtwxBAsUm6cBNTZpcY&#038;q=A3A%20Engenharia%20de%20Sistemas&#038;zoom=15\"\n\t\t\t\t\ttitle=\"A3A Engenharia de Sistemas\"\n\t\t\t\t\taria-label=\"A3A Engenharia de Sistemas\"\n\t\t\t><\/iframe><\/p>\n","protected":false},"excerpt":{"rendered":"<p>entre em contato Preencha o Formul\u00e1rio para entrar em contato com nosso Departamento de Engenharia. fale conosco E-mail contato@a3aengenharia.com.br comercial@a3aengenharia.com.br Telefone \/ WhatsApp (42) 3025-4230 privacidade Todos os seus dados e informa\u00e7\u00f5es s\u00e3o tratados em conformidade com a Lei Geral de Prote\u00e7\u00e3o de Dados Pessoais (LGPD) \u2013 Lei n\u00ba 13.709\/2018. POL\u00cdTICA DE PRIVACIDADE LOCALIZA\u00c7\u00c3O Com [&hellip;]<\/p>\n","protected":false},"author":1,"featured_media":0,"parent":0,"menu_order":0,"comment_status":"closed","ping_status":"closed","template":"","meta":{"footnotes":""},"class_list":["post-1735","page","type-page","status-publish","hentry"],"_links":{"self":[{"href":"https:\/\/a3aengenharia.com\/en-us\/wp-json\/wp\/v2\/pages\/1735","targetHints":{"allow":["GET"]}}],"collection":[{"href":"https:\/\/a3aengenharia.com\/en-us\/wp-json\/wp\/v2\/pages"}],"about":[{"href":"https:\/\/a3aengenharia.com\/en-us\/wp-json\/wp\/v2\/types\/page"}],"author":[{"embeddable":true,"href":"https:\/\/a3aengenharia.com\/en-us\/wp-json\/wp\/v2\/users\/1"}],"replies":[{"embeddable":true,"href":"https:\/\/a3aengenharia.com\/en-us\/wp-json\/wp\/v2\/comments?post=1735"}],"version-history":[{"count":6,"href":"https:\/\/a3aengenharia.com\/en-us\/wp-json\/wp\/v2\/pages\/1735\/revisions"}],"predecessor-version":[{"id":32653,"href":"https:\/\/a3aengenharia.com\/en-us\/wp-json\/wp\/v2\/pages\/1735\/revisions\/32653"}],"wp:attachment":[{"href":"https:\/\/a3aengenharia.com\/en-us\/wp-json\/wp\/v2\/media?parent=1735"}],"curies":[{"name":"wp","href":"https:\/\/api.w.org\/{rel}","templated":true}]}}